{"id":22185,"date":"2025-04-17T10:24:12","date_gmt":"2025-04-17T03:24:12","guid":{"rendered":"https:\/\/congtri.com\/product\/vay-lua-son-mai-cat-chiffon\/"},"modified":"2025-04-25T12:08:16","modified_gmt":"2025-04-25T05:08:16","slug":"vay-lua-son-mai-cat-chiffon","status":"publish","type":"product","link":"https:\/\/congtri.com\/vi\/san-pham\/vay-lua-son-mai-cat-chiffon\/","title":{"rendered":"CHIFFON-TRIMMED LACQUER SILK SKIRT"},"content":{"rendered":"<p>Chi\u1ebfc v\u00e1y n\u1eafm b\u1eaft \u0111\u01b0\u1ee3c b\u1ea3n ch\u1ea5t c\u1ee7a s\u1ef1 linh ho\u1ea1t. \u0110\u01b0\u1ee3c ch\u1ebf t\u00e1c t\u1eeb l\u1ee5a s\u01a1n m\u00e0i, ki\u1ec3u d\u00e1ng x\u00f2e r\u1ed9ng \u0111\u01b0\u1ee3c t\u00f4n l\u00ean nh\u1edd l\u1edbp v\u1ea3i m\u1ec1m m\u1ea1i, trong khi \u0111\u01b0\u1eddng vi\u1ec1n voan m\u1ecfng manh t\u1ea1o th\u00eam n\u00e9t thanh tho\u00e1t cho thi\u1ebft k\u1ebf m\u1ec1m m\u1ea1i.<\/p>\n","protected":false},"excerpt":{"rendered":"<p>Chi\u1ebfc v\u00e1y n\u1eafm b\u1eaft \u0111\u01b0\u1ee3c b\u1ea3n ch\u1ea5t c\u1ee7a s\u1ef1 linh ho\u1ea1t. \u0110\u01b0\u1ee3c ch\u1ebf t\u00e1c t\u1eeb l\u1ee5a s\u01a1n m\u00e0i, ki\u1ec3u d\u00e1ng x\u00f2e r\u1ed9ng \u0111\u01b0\u1ee3c t\u00f4n l\u00ean nh\u1edd l\u1edbp v\u1ea3i m\u1ec1m m\u1ea1i, trong khi \u0111\u01b0\u1eddng vi\u1ec1n voan m\u1ecfng manh t\u1ea1o th\u00eam n\u00e9t thanh tho\u00e1t cho thi\u1ebft k\u1ebf m\u1ec1m m\u1ea1i.<\/p>\n","protected":false},"featured_media":21393,"comment_status":"open","ping_status":"closed","template":"","meta":{"inline_featured_image":false},"product_brand":[],"product_cat":[975],"product_tag":[998],"search_archive":[],"class_list":{"0":"post-22185","1":"product","2":"type-product","3":"status-publish","4":"has-post-thumbnail","6":"product_cat-vay-vi","7":"product_tag-fall-winter-2025-vi","9":"first","10":"instock","11":"shipping-taxable","12":"purchasable","13":"product-type-variable"},"_links":{"self":[{"href":"https:\/\/congtri.com\/vi\/wp-json\/wp\/v2\/product\/22185","targetHints":{"allow":["GET"]}}],"collection":[{"href":"https:\/\/congtri.com\/vi\/wp-json\/wp\/v2\/product"}],"about":[{"href":"https:\/\/congtri.com\/vi\/wp-json\/wp\/v2\/types\/product"}],"replies":[{"embeddable":true,"href":"https:\/\/congtri.com\/vi\/wp-json\/wp\/v2\/comments?post=22185"}],"wp:featuredmedia":[{"embeddable":true,"href":"https:\/\/congtri.com\/vi\/wp-json\/wp\/v2\/media\/21393"}],"wp:attachment":[{"href":"https:\/\/congtri.com\/vi\/wp-json\/wp\/v2\/media?parent=22185"}],"wp:term":[{"taxonomy":"product_brand","embeddable":true,"href":"https:\/\/congtri.com\/vi\/wp-json\/wp\/v2\/product_brand?post=22185"},{"taxonomy":"product_cat","embeddable":true,"href":"https:\/\/congtri.com\/vi\/wp-json\/wp\/v2\/product_cat?post=22185"},{"taxonomy":"product_tag","embeddable":true,"href":"https:\/\/congtri.com\/vi\/wp-json\/wp\/v2\/product_tag?post=22185"},{"taxonomy":"search_archive","embeddable":true,"href":"https:\/\/congtri.com\/vi\/wp-json\/wp\/v2\/search_archive?post=22185"}],"curies":[{"name":"wp","href":"https:\/\/api.w.org\/{rel}","templated":true}]}}