{"id":20014,"date":"2024-12-19T12:00:04","date_gmt":"2024-12-19T05:00:04","guid":{"rendered":"https:\/\/congtri.com\/?page_id=20014"},"modified":"2024-12-19T12:17:59","modified_gmt":"2024-12-19T05:17:59","slug":"chinh-sach-thanh-toan","status":"publish","type":"page","link":"https:\/\/congtri.com\/vi\/chinh-sach-thanh-toan\/","title":{"rendered":"CH\u00cdNH S\u00c1CH THANH TO\u00c1N"},"content":{"rendered":"<p style=\"text-align: left;\"><strong>1. Thanh to\u00e1n ti\u1ec1n m\u1eb7t<\/strong><\/p>\n<p style=\"text-align: left;\"><strong>Thanh to\u00e1n ti\u1ec1n m\u1eb7t t\u1ea1i nh\u00e0 khi nh\u1eadn h\u00e0ng th\u00f4ng qua h\u00ecnh th\u1ee9c giao h\u00e0ng tr\u1ef1c ti\u1ebfp<\/strong><\/p>\n<p style=\"text-align: left;\">Khi nh\u00e2n vi\u00ean giao h\u00e0ng, kh\u00e1ch h\u00e0ng ki\u1ec3m tra s\u1ea3n ph\u1ea9m, h\u00e0ng nh\u1eadn h\u00e0ng v\u00e0 thanh to\u00e1n tr\u1ef1c ti\u1ebfp cho nh\u00e2n vi\u00ean giao h\u00e0ng theo gi\u00e1 tr\u1ecb ti\u1ec1n tr\u00ean h\u00f3a \u0111\u01a1n. Ngo\u00e0i ra kh\u00e1ch h\u00e0ng kh\u00f4ng ph\u1ea3i thanh to\u00e1n b\u1ea5t k\u1ef3 1 chi ph\u00ed n\u00e0o kh\u00e1c.<\/p>\n<p style=\"text-align: left;\"><strong>Thanh to\u00e1n ti\u1ec1n m\u1eb7t t\u1ea1i c\u1eeda h\u00e0ng<\/strong><\/p>\n<ul style=\"text-align: left;\">\n<li>Kh\u00e1ch h\u00e0ng \u0111\u1ebfn c\u1eeda h\u00e0ng tham quan, mua s\u1ea3n ph\u1ea9m s\u1ebd thanh to\u00e1n tr\u1ef1c ti\u1ebfp b\u1eb1ng ti\u1ec1n m\u1eb7t ho\u1eb7c chuy\u1ec3n kho\u1ea3n tr\u1ef1c ti\u1ebfp t\u1ea1i c\u1eeda h\u00e0ng.<\/li>\n<li>N\u1ebfu trong qu\u00e1 tr\u00ecnh thanh to\u00e1n, b\u1ea1n g\u1eb7p tr\u1edf ng\u1ea1i ho\u1eb7c c\u1ea7n h\u1ed7 tr\u1ee3 th\u00ec c\u1ee9 li\u00ean h\u1ec7 hotline \u0111\u1ec3 \u0111\u01b0\u1ee3c h\u1ed7 tr\u1ee3 nh\u00e9.<\/li>\n<\/ul>\n<p style=\"text-align: left;\"><strong>Th\u00f4ng tin s\u1ed1 t\u00e0i kho\u1ea3n<\/strong><\/p>\n<p style=\"text-align: left;\">C\u00d4NG TY TNHH NGUY\u1ec4N C\u00d4NG TR\u00cd<\/p>\n<p style=\"text-align: left;\"><span style=\"color: #ff0000;\">S\u1ed1 t\u00e0i kho\u1ea3n: 0331000509250 t\u1ea1i Ng\u00e2n h\u00e0ng th\u01b0\u01a1ng m\u1ea1i c\u1ed5 ph\u1ea7n Ngo\u1ea1i th\u01b0\u01a1ng Vi\u1ec7t Nam<\/span><\/p>\n<p style=\"text-align: left;\">N\u1ed9i dung: T\u00ean kh\u00e1ch h\u00e0ng + S\u1ed1 \u0111i\u1ec7n tho\u1ea1i + Th\u1eddi gian (dd\/mm\/yyyy)<\/p>\n<p style=\"text-align: left;\"><strong>2. Thanh to\u00e1n th\u00f4ng qua c\u1ed5ng thanh to\u00e1n<\/strong><\/p>\n<p><img decoding=\"async\" class=\"alignnone wp-image-20016 size-full alignleft\" src=\"https:\/\/congtri.com\/wp-content\/uploads\/2024\/12\/CONG-THANH-TOAN.jpg\" alt=\"cong thanh toan\" width=\"734\" height=\"136\" srcset=\"https:\/\/congtri.com\/wp-content\/uploads\/2024\/12\/CONG-THANH-TOAN.jpg 734w, https:\/\/congtri.com\/wp-content\/uploads\/2024\/12\/CONG-THANH-TOAN-300x56.jpg 300w, https:\/\/congtri.com\/wp-content\/uploads\/2024\/12\/CONG-THANH-TOAN-600x111.jpg 600w\" sizes=\"(max-width: 734px) 100vw, 734px\" \/><\/p>\n","protected":false},"excerpt":{"rendered":"<p>1. Thanh to\u00e1n ti\u1ec1n m\u1eb7t Thanh to\u00e1n ti\u1ec1n m\u1eb7t t\u1ea1i nh\u00e0 khi nh\u1eadn h\u00e0ng th\u00f4ng qua h\u00ecnh th\u1ee9c giao h\u00e0ng tr\u1ef1c ti\u1ebfp Khi nh\u00e2n vi\u00ean giao h\u00e0ng, kh\u00e1ch h\u00e0ng ki\u1ec3m tra s\u1ea3n ph\u1ea9m, h\u00e0ng nh\u1eadn h\u00e0ng v\u00e0 thanh to\u00e1n tr\u1ef1c ti\u1ebfp cho nh\u00e2n vi\u00ean giao h\u00e0ng theo gi\u00e1 tr\u1ecb ti\u1ec1n tr\u00ean h\u00f3a \u0111\u01a1n. Ngo\u00e0i ra [&hellip;]<\/p>\n","protected":false},"author":17,"featured_media":0,"parent":0,"menu_order":0,"comment_status":"closed","ping_status":"closed","template":"page-term.php","meta":{"inline_featured_image":false,"footnotes":""},"class_list":["post-20014","page","type-page","status-publish","hentry"],"_links":{"self":[{"href":"https:\/\/congtri.com\/vi\/wp-json\/wp\/v2\/pages\/20014","targetHints":{"allow":["GET"]}}],"collection":[{"href":"https:\/\/congtri.com\/vi\/wp-json\/wp\/v2\/pages"}],"about":[{"href":"https:\/\/congtri.com\/vi\/wp-json\/wp\/v2\/types\/page"}],"author":[{"embeddable":true,"href":"https:\/\/congtri.com\/vi\/wp-json\/wp\/v2\/users\/17"}],"replies":[{"embeddable":true,"href":"https:\/\/congtri.com\/vi\/wp-json\/wp\/v2\/comments?post=20014"}],"version-history":[{"count":3,"href":"https:\/\/congtri.com\/vi\/wp-json\/wp\/v2\/pages\/20014\/revisions"}],"predecessor-version":[{"id":20019,"href":"https:\/\/congtri.com\/vi\/wp-json\/wp\/v2\/pages\/20014\/revisions\/20019"}],"wp:attachment":[{"href":"https:\/\/congtri.com\/vi\/wp-json\/wp\/v2\/media?parent=20014"}],"curies":[{"name":"wp","href":"https:\/\/api.w.org\/{rel}","templated":true}]}}