{"id":19997,"date":"2024-12-19T11:21:10","date_gmt":"2024-12-19T04:21:10","guid":{"rendered":"https:\/\/congtri.com\/?page_id=19997"},"modified":"2024-12-19T12:17:06","modified_gmt":"2024-12-19T05:17:06","slug":"chinh-sach-van-chuyen","status":"publish","type":"page","link":"https:\/\/congtri.com\/vi\/chinh-sach-van-chuyen\/","title":{"rendered":"CH\u00cdNH S\u00c1CH V\u1eacN CHUY\u1ec2N"},"content":{"rendered":"<p style=\"text-align: left;\"><strong>I. C\u00e1c ph\u01b0\u01a1ng th\u1ee9c giao h\u00e0ng:<\/strong><\/p>\n<ul style=\"text-align: left;\">\n<li>Kh\u00e1ch h\u00e0ng mua tr\u1ef1c ti\u1ebfp h\u00e0ng t\u1ea1i c\u1eeda h\u00e0ng c\u1ee7a ch\u00fang t\u00f4i<\/li>\n<li>Ship h\u00e0ng qua c\u00e1c \u0111\u01a1n v\u1ecb v\u1eadn chuy\u1ec3n<\/li>\n<\/ul>\n<p style=\"text-align: left;\"><strong>II. Th\u1eddi h\u1ea1n \u01b0\u1edbc t\u00ednh cho vi\u1ec7c giao h\u00e0ng<\/strong><\/p>\n<ul style=\"text-align: left;\">\n<li>\u0110\u1ed1i v\u1edbi khu v\u1ef1c n\u1ed9i th\u00e0nh Tp. HCM: 1-2 ng\u00e0y l\u00e0m vi\u1ec7c( kh\u00f4ng t\u00ednh ng\u00e0y l\u1ec5, T\u1ebft)<\/li>\n<li>C\u00e1c khu v\u1ef1c kh\u00e1c: 2-4 ng\u00e0y l\u00e0m vi\u1ec7c( kh\u00f4ng t\u00ednh ng\u00e0y l\u1ec5, T\u1ebft)<\/li>\n<\/ul>\n<p style=\"text-align: left;\"><strong>III. C\u00e1c gi\u1edbi h\u1ea1n v\u1ec1 m\u1eb7t \u0111\u1ecba l\u00fd cho vi\u1ec7c giao h\u00e0ng<\/strong><\/p>\n<p style=\"text-align: left;\">Ri\u00eang kh\u00e1ch t\u1ec9nh c\u00f3 nhu c\u1ea7u mua s\u1ed1 l\u01b0\u1ee3ng l\u1edbn ho\u1eb7c kh\u00e1ch bu\u00f4n s\u1ec9 n\u1ebfu c\u00f3 nhu c\u1ea7u mua s\u1ea3n ph\u1ea9m, ch\u00fang t\u00f4i s\u1ebd nh\u1edd d\u1ecbch v\u1ee5 giao nh\u1eadn c\u1ee7a c\u00e1c c\u00f4ng ty v\u1eadn chuy\u1ec3n v\u00e0 ph\u00ed s\u1ebd \u0111\u01b0\u1ee3c t\u00ednh theo ph\u00ed c\u1ee7a c\u00e1c \u0111\u01a1n v\u1ecb cung c\u1ea5p d\u1ecbch v\u1ee5 v\u1eadn chuy\u1ec3n ho\u1eb7c theo tho\u1ea3 thu\u1eadn h\u1ee3p \u0111\u1ed3ng gi\u1eefa 2 b\u00ean.<\/p>\n<p style=\"text-align: left;\"><strong>IV. Ph\u00e2n \u0111\u1ecbnh tr\u00e1ch nhi\u1ec7m c\u1ee7a th\u01b0\u01a1ng nh\u00e2n, t\u1ed5 ch\u1ee9c cung \u1ee9ng d\u1ecbch v\u1ee5 logistics v\u1ec1 cung c\u1ea5p ch\u1ee9ng t\u1eeb h\u00e0ng h\u00f3a trong qu\u00e1 tr\u00ecnh giao nh\u1eadn:<\/strong><\/p>\n<ul style=\"text-align: left;\">\n<li>B\u00ean giao nh\u1eadn c\u00f3 tr\u00e1ch nhi\u1ec7m cung c\u1ea5p ch\u1ee9ng t\u1eeb h\u00e0ng ho\u00e1 trong qu\u00e1 tr\u00ecnh giao nh\u1eadn.<\/li>\n<li>B\u00ean v\u1eadn chuy\u1ec3n c\u00f3 quy\u1ec1n v\u00e0 tr\u00e1ch nhi\u1ec7m cung c\u1ea5p h\u00f3a \u0111\u01a1n cho c\u01a1 quan qu\u1ea3n l\u00fd nh\u00e0 n\u01b0\u1edbc khi c\u00f3 y\u00eau c\u1ea7u.<\/li>\n<li>\u0110\u01a1n v\u1ecb v\u1eadn chuy\u1ec3n s\u1ebd ch\u1ecbu tr\u00e1ch nhi\u1ec7m v\u1eadn chuy\u1ec3n h\u00e0ng h\u00f3a theo nguy\u00ean t\u1eafc \u201cnguy\u00ean \u0111ai, nguy\u00ean ki\u1ec7n\u201d.<\/li>\n<\/ul>\n<p style=\"text-align: left;\">Tr\u00ean bao b\u00ec t\u1ea5t c\u1ea3 c\u00e1c \u0111\u01a1n h\u00e0ng \u0111\u1ec1u c\u00f3 th\u00f4ng tin:<\/p>\n<ul style=\"text-align: left;\">\n<li>Th\u00f4ng tin Ng\u01b0\u1eddi nh\u1eadn, bao g\u1ed3m: T\u00ean ng\u01b0\u1eddi nh\u1eadn, s\u1ed1 \u0111i\u1ec7n tho\u1ea1i v\u00e0 \u0111\u1ecba ch\u1ec9 ng\u01b0\u1eddi nh\u1eadn<\/li>\n<li>M\u00e3 v\u1eadn \u0111\u01a1n c\u1ee7a \u0111\u01a1n hang<\/li>\n<li>\u0110\u1ec3 \u0111\u1ea3m b\u1ea3o an to\u00e0n cho h\u00e0ng h\u00f3a, congtri.com s\u1ebd g\u1eedi k\u00e8m h\u00f3a \u0111\u01a1n<\/li>\n<li>H\u00f3a \u0111\u01a1n l\u00e0 c\u0103n c\u1ee9 h\u1ed7 tr\u1ee3 qu\u00e1 tr\u00ecnh x\u1eed l\u00fd khi\u1ebfu n\u1ea1i nh\u01b0: x\u00e1c \u0111\u1ecbnh gi\u00e1 tr\u1ecb th\u1ecb tr\u01b0\u1eddng c\u1ee7a h\u00e0ng h\u00f3a, \u0111\u1ea3m b\u1ea3o h\u00e0ng h\u00f3a l\u01b0u th\u00f4ng h\u1ee3p l\u1ec7 v.v..<\/li>\n<\/ul>\n<p style=\"text-align: left;\"><strong>V. Tr\u00e1ch nhi\u1ec7m v\u1ec1 tr\u01b0\u1eddng h\u1ee3p h\u00e0ng b\u1ecb h\u01b0 h\u1ecfng do qu\u00e1 tr\u00ecnh v\u1eadn chuy\u1ec3n<\/strong><\/p>\n<ul style=\"text-align: left;\">\n<li>V\u1ec1 vi\u1ec7c cung c\u1ea5p ch\u1ee9ng t\u1eeb h\u00e0ng h\u00f3a trong qu\u00e1 tr\u00ecnh giao nh\u1eadn.<\/li>\n<li>\u0110\u1ed1i v\u1edbi h\u00e0ng h\u00f3a b\u1ecb h\u01b0 h\u1ecfng do qu\u00e1 tr\u00ecnh v\u1eadn chuy\u1ec3n d\u00f9 l\u00e0 \u0111\u01a1n h\u00e0ng do ch\u00ednh c\u1eeda h\u00e0ng v\u1eadn chuy\u1ec3n hay do b\u00ean th\u1ee9 3 v\u1eadn chuy\u1ec3n th\u00ec ch\u00fang t\u00f4i s\u1ebd l\u00e0 b\u00ean \u0111\u1ee9ng ra ch\u1ecbu tr\u00e1ch nhi\u1ec7m gi\u1ea3i quy\u1ebft v\u1ea5n \u0111\u1ec1 cho kh\u00e1ch h\u00e0ng.<\/li>\n<li>Kh\u00e1ch h\u00e0ng c\u00f3 quy\u1ec1n t\u1eeb ch\u1ed1i nh\u1eadn s\u1ea3n ph\u1ea9m v\u00e0 y\u00eau c\u1ea7u \u0111\u1ed5i tr\u1ea3 theo quy \u0111\u1ecbnh \u201c \u0111\u1ed5i tr\u1ea3 ho\u00e0n ph\u00ed\u201d c\u00f2n m\u1ecdi v\u1ea5n \u0111\u1ec1 ph\u00e1t sinh ch\u00fang t\u00f4i s\u1ebd l\u00e0m vi\u1ec7c l\u1ea1i v\u1edbi \u0111\u1ed1i t\u00e1c v\u1eadn chuy\u1ec3n \u0111\u1ec3 gi\u1ea3i quy\u1ebft \u0111\u1ec1n b\u00f9 cho \u0111\u01a1n h\u00e0ng theo th\u1ecfa thu\u1eadn h\u1ee3p t\u00e1c gi\u1eefa c\u00f4ng ty v\u1edbi \u0111\u1ed1i t\u00e1c th\u1ee9 3 cung c\u1ea5p d\u1ecbch v\u1ee5 v\u1eadn chuy\u1ec3n.<\/li>\n<\/ul>\n<p style=\"text-align: left;\"><strong>L\u01b0u \u00fd: Tr\u01b0\u1eddng h\u1ee3p ph\u00e1t sinh ch\u1eadm tr\u1ec5 trong vi\u1ec7c giao h\u00e0ng ch\u00fang t\u00f4i s\u1ebd th\u00f4ng tin k\u1ecbp th\u1eddi cho kh\u00e1ch h\u00e0ng v\u00e0 kh\u00e1ch h\u00e0ng c\u00f3 th\u1ec3 l\u1ef1a ch\u1ecdn gi\u1eefa vi\u1ec7c H\u1ee7y ho\u1eb7c ti\u1ebfp t\u1ee5c ch\u1edd h\u00e0ng.<\/strong><\/p>\n","protected":false},"excerpt":{"rendered":"<p>I. C\u00e1c ph\u01b0\u01a1ng th\u1ee9c giao h\u00e0ng: Kh\u00e1ch h\u00e0ng mua tr\u1ef1c ti\u1ebfp h\u00e0ng t\u1ea1i c\u1eeda h\u00e0ng c\u1ee7a ch\u00fang t\u00f4i Ship h\u00e0ng qua c\u00e1c \u0111\u01a1n v\u1ecb v\u1eadn chuy\u1ec3n II. Th\u1eddi h\u1ea1n \u01b0\u1edbc t\u00ednh cho vi\u1ec7c giao h\u00e0ng \u0110\u1ed1i v\u1edbi khu v\u1ef1c n\u1ed9i th\u00e0nh Tp. HCM: 1-2 ng\u00e0y l\u00e0m vi\u1ec7c( kh\u00f4ng t\u00ednh ng\u00e0y l\u1ec5, T\u1ebft) C\u00e1c khu v\u1ef1c [&hellip;]<\/p>\n","protected":false},"author":17,"featured_media":0,"parent":0,"menu_order":0,"comment_status":"closed","ping_status":"closed","template":"page-term.php","meta":{"inline_featured_image":false,"footnotes":""},"class_list":["post-19997","page","type-page","status-publish","hentry"],"_links":{"self":[{"href":"https:\/\/congtri.com\/vi\/wp-json\/wp\/v2\/pages\/19997","targetHints":{"allow":["GET"]}}],"collection":[{"href":"https:\/\/congtri.com\/vi\/wp-json\/wp\/v2\/pages"}],"about":[{"href":"https:\/\/congtri.com\/vi\/wp-json\/wp\/v2\/types\/page"}],"author":[{"embeddable":true,"href":"https:\/\/congtri.com\/vi\/wp-json\/wp\/v2\/users\/17"}],"replies":[{"embeddable":true,"href":"https:\/\/congtri.com\/vi\/wp-json\/wp\/v2\/comments?post=19997"}],"version-history":[{"count":4,"href":"https:\/\/congtri.com\/vi\/wp-json\/wp\/v2\/pages\/19997\/revisions"}],"predecessor-version":[{"id":20008,"href":"https:\/\/congtri.com\/vi\/wp-json\/wp\/v2\/pages\/19997\/revisions\/20008"}],"wp:attachment":[{"href":"https:\/\/congtri.com\/vi\/wp-json\/wp\/v2\/media?parent=19997"}],"curies":[{"name":"wp","href":"https:\/\/api.w.org\/{rel}","templated":true}]}}