{"id":19734,"date":"2022-05-07T22:00:59","date_gmt":"2022-05-07T15:00:59","guid":{"rendered":"https:\/\/congtri.com\/?page_id=19734"},"modified":"2024-12-19T11:32:55","modified_gmt":"2024-12-19T04:32:55","slug":"chinh-sach-bao-mat","status":"publish","type":"page","link":"https:\/\/congtri.com\/vi\/chinh-sach-bao-mat\/","title":{"rendered":"CH\u00cdNH S\u00c1CH B\u1ea2O M\u1eacT"},"content":{"rendered":"<h3 style=\"text-align: left;\">I. M\u1ee4C \u0110\u00cdCH V\u00c0 PH\u1ea0M VI THU TH\u1eacP<\/h3>\n<ul>\n<li style=\"text-align: left;\">Vi\u1ec7c thu th\u1eadp d\u1eef li\u1ec7u tr\u00ean website bao g\u1ed3m: h\u1ecd t\u00ean, email, \u0111i\u1ec7n tho\u1ea1i, \u0111\u1ecba ch\u1ec9 kh\u00e1ch h\u00e0ng. \u0110\u00e2y l\u00e0 c\u00e1c th\u00f4ng tin m\u00e0 ch\u00fang t\u00f4i c\u1ea7n th\u00e0nh vi\u00ean cung c\u1ea5p b\u1eaft bu\u1ed9c khi g\u1eedi th\u00f4ng tin nh\u1edd t\u01b0 v\u1ea5n hay mu\u1ed1n mua s\u1ea3n ph\u1ea9m v\u00e0 \u0111\u1ec3 ch\u00fang t\u00f4i li\u00ean h\u1ec7 x\u00e1c nh\u1eadn l\u1ea1i v\u1edbi kh\u00e1ch h\u00e0ng tr\u00ean website nh\u1eb1m \u0111\u1ea3m b\u1ea3o quy\u1ec1n l\u1ee3i cho cho ng\u01b0\u1eddi ti\u00eau d\u00f9ng.<\/li>\n<li style=\"text-align: left;\">C\u00e1c th\u00e0nh vi\u00ean s\u1ebd t\u1ef1 ch\u1ecbu tr\u00e1ch nhi\u1ec7m v\u1ec1 b\u1ea3o m\u1eadt v\u00e0 l\u01b0u gi\u1eef m\u1ecdi ho\u1ea1t \u0111\u1ed9ng s\u1eed d\u1ee5ng d\u1ecbch v\u1ee5 d\u01b0\u1edbi th\u00f4ng tin m\u00e0 m\u00ecnh cung c\u1ea5p v\u00e0 h\u1ed9p th\u01b0 \u0111i\u1ec7n t\u1eed c\u1ee7a m\u00ecnh.<\/li>\n<\/ul>\n<p style=\"text-align: left;\"><strong>II. PH\u1ea0M VI S\u1eec D\u1ee4NG TH\u00d4NG TIN<\/strong><\/p>\n<p style=\"text-align: left;\">Ch\u00fang t\u00f4i s\u1eed d\u1ee5ng th\u00f4ng tin th\u00e0nh vi\u00ean cung c\u1ea5p \u0111\u1ec3:<\/p>\n<ul>\n<li style=\"text-align: left;\">Li\u00ean h\u1ec7 x\u00e1c nh\u1eadn \u0111\u01a1n h\u00e0ng v\u00e0 giao h\u00e0ng cho th\u00e0nh vi\u00ean khi nh\u1eadn \u0111\u01b0\u1ee3c y\u00eau c\u1ea7u t\u1eeb th\u00e0nh vi\u00ean;<\/li>\n<li style=\"text-align: left;\">Cung c\u1ea5p th\u00f4ng tin v\u1ec1 s\u1ea3n ph\u1ea9m \u0111\u1ebfn kh\u00e1ch h\u00e0ng n\u1ebfu c\u00f3 y\u00eau c\u1ea7u t\u1eeb kh\u00e1ch h\u00e0ng;<\/li>\n<li style=\"text-align: left;\">G\u1eedi email ti\u1ebfp th\u1ecb, khuy\u1ebfn m\u1ea1i v\u1ec1 h\u00e0ng h\u00f3a do ch\u00fang t\u00f4i b\u00e1n;<\/li>\n<li style=\"text-align: left;\">G\u1eedi c\u00e1c th\u00f4ng b\u00e1o v\u1ec1 c\u00e1c ho\u1ea1t \u0111\u1ed9ng tr\u00ean website<\/li>\n<li style=\"text-align: left;\">Li\u00ean l\u1ea1c v\u00e0 gi\u1ea3i quy\u1ebft v\u1edbi ng\u01b0\u1eddi d\u00f9ng trong nh\u1eefng tr\u01b0\u1eddng h\u1ee3p \u0111\u1eb7c bi\u1ec7t;<\/li>\n<li style=\"text-align: left;\">Kh\u00f4ng s\u1eed d\u1ee5ng th\u00f4ng tin c\u00e1 nh\u00e2n c\u1ee7a ng\u01b0\u1eddi d\u00f9ng ngo\u00e0i m\u1ee5c \u0111\u00edch x\u00e1c nh\u1eadn v\u00e0 li\u00ean h\u1ec7 c\u00f3 li\u00ean quan \u0111\u1ebfn giao d\u1ecbch<\/li>\n<li style=\"text-align: left;\">Khi c\u00f3 y\u00eau c\u1ea7u c\u1ee7a c\u01a1 quan t\u01b0 ph\u00e1p bao g\u1ed3m: Vi\u1ec7n ki\u1ec3m s\u00e1t, t\u00f2a \u00e1n, c\u01a1 quan c\u00f4ng an \u0111i\u1ec1u tra li\u00ean quan \u0111\u1ebfn h\u00e0nh vi vi ph\u1ea1m ph\u00e1p lu\u1eadt n\u00e0o \u0111\u00f3 c\u1ee7a kh\u00e1ch h\u00e0ng.<\/li>\n<\/ul>\n<p style=\"text-align: left;\"><strong>III. TH\u1edcI GIAN L\u01afU TR\u1eee TH\u00d4NG TIN<\/strong><\/p>\n<p style=\"text-align: left;\">D\u1eef li\u1ec7u c\u00e1 nh\u00e2n c\u1ee7a th\u00e0nh vi\u00ean s\u1ebd \u0111\u01b0\u1ee3c l\u01b0u tr\u1eef cho \u0111\u1ebfn khi c\u00f3 y\u00eau c\u1ea7u ban qu\u1ea3n tr\u1ecb h\u1ee7y b\u1ecf. C\u00f2n l\u1ea1i trong m\u1ecdi tr\u01b0\u1eddng h\u1ee3p th\u00f4ng tin c\u00e1 nh\u00e2n th\u00e0nh vi\u00ean s\u1ebd \u0111\u01b0\u1ee3c b\u1ea3o m\u1eadt tr\u00ean m\u00e1y ch\u1ee7 c\u1ee7a ch\u00fang t\u00f4i<\/p>\n<p style=\"text-align: left;\"><strong>IV. NH\u1eeeNG NG\u01af\u1edcI HO\u1eb6C T\u1ed4 CH\u1ee8C C\u00d3 TH\u1ec2 \u0110\u01af\u1ee2C TI\u1ebeP C\u1eacN V\u1edaI TH\u00d4NG TIN C\u00c1 NH\u00c2N<\/strong><\/p>\n<ul>\n<li style=\"text-align: left;\">Ban qu\u1ea3n tr\u1ecb website<\/li>\n<li style=\"text-align: left;\">Kh\u00e1ch h\u00e0ng s\u1edf h\u1eefu th\u00f4ng tin c\u00e1 nh\u00e2n \u0111\u00f3<\/li>\n<li style=\"text-align: left;\">C\u00e1c c\u01a1 quan Ph\u00e1p lu\u1eadt Vi\u1ec7t Nam c\u00f3 th\u1ea9m quy\u1ec1n<\/li>\n<li style=\"text-align: left;\">C\u00e1c \u0111\u1ed1i t\u00e1c ho\u1ea1t \u0111\u1ed9ng li\u00ean quan \u0111\u1ebfn giao d\u1ecbch c\u1ee7a b\u1ea1n, ch\u1eb3ng h\u1ea1n nh\u01b0 \u0111\u01a1n v\u1ecb v\u1eadn chuy\u1ec3n.<\/li>\n<\/ul>\n<p style=\"text-align: left;\"><strong>V. \u0110\u1ecaA CH\u1ec8 C\u1ee6A \u0110\u01a0N V\u1eca THU TH\u1eacP V\u00c0 QU\u1ea2N L\u00dd TH\u00d4NG TIN C\u00c1 NH\u00c2N<\/strong><\/p>\n<p style=\"text-align: left;\">T\u00ean c\u00f4ng ty: C\u00d4NG TY TNHH NGUY\u1ec4N C\u00d4NG TR\u00cd<br \/>\n\u0110\u1ecba ch\u1ec9: 194 Nguy\u1ec5n \u0110\u00ecnh Chi\u1ec3u, Ph\u01b0\u1eddng V\u00f5 Th\u1ecb S\u00e1u, Qu\u1eadn 3, Th\u00e0nh ph\u1ed1 H\u1ed3 Ch\u00ed Minh, Vi\u1ec7t Nam<br \/>\nHotline: 0903 783 292<br \/>\nEmail: cs@nctgroup.vn<\/p>\n<p style=\"text-align: left;\"><strong>VI. PH\u01af\u01a0NG TI\u1ec6N V\u00c0 C\u00d4NG C\u1ee4 \u0110\u1ec2 NG\u01af\u1edcI D\u00d9NG TI\u1ebeP C\u1eacN V\u00c0 CH\u1ec8NH S\u1eecA D\u1eee LI\u1ec6U C\u00c1 NH\u00c2N C\u1ee6A M\u00ccNH<\/strong><\/p>\n<ul>\n<li style=\"text-align: left;\">Th\u00e0nh vi\u00ean c\u00f3 quy\u1ec1n t\u1ef1 ki\u1ec3m tra, c\u1eadp nh\u1eadt, \u0111i\u1ec1u ch\u1ec9nh ho\u1eb7c h\u1ee7y b\u1ecf th\u00f4ng tin c\u00e1 nh\u00e2n c\u1ee7a m\u00ecnh b\u1eb1ng c\u00e1ch li\u00ean h\u1ec7 v\u1edbi ban qu\u1ea3n tr\u1ecb website th\u1ef1c hi\u1ec7n vi\u1ec7c n\u00e0y.<\/li>\n<li style=\"text-align: left;\">Th\u00e0nh vi\u00ean c\u00f3 quy\u1ec1n g\u1eedi khi\u1ebfu n\u1ea1i v\u1ec1 n\u1ed9i dung b\u1ea3o m\u1eadt th\u00f4ng tin \u0111\u1ec1 ngh\u1ecb li\u00ean h\u1ec7 Ban qu\u1ea3n tr\u1ecb c\u1ee7a website. Khi ti\u1ebfp nh\u1eadn nh\u1eefng ph\u1ea3n h\u1ed3i n\u00e0y, ch\u00fang t\u00f4i s\u1ebd x\u00e1c nh\u1eadn l\u1ea1i th\u00f4ng tin, tr\u01b0\u1eddng h\u1ee3p \u0111\u00fang nh\u01b0 ph\u1ea3n \u00e1nh c\u1ee7a th\u00e0nh vi\u00ean t\u00f9y theo m\u1ee9c \u0111\u1ed9, ch\u00fang t\u00f4i s\u1ebd c\u00f3 nh\u1eefng bi\u1ec7n ph\u00e1p x\u1eed l\u00fd k\u1ecbp th\u1eddi.<\/li>\n<\/ul>\n<p style=\"text-align: left;\"><strong>VII. C\u01a0 CH\u1ebe TI\u1ebeP NH\u1eacN V\u00c0 GI\u1ea2I QUY\u1ebeT KHI\u1ebeU N\u1ea0I C\u1ee6A NG\u01af\u1edcI TI\u00caU D\u00d9NG<\/strong><\/p>\n<p style=\"text-align: left;\">Khi ph\u00e1t hi\u1ec7n th\u00f4ng tin c\u00e1 nh\u00e2n c\u1ee7a m\u00ecnh b\u1ecb s\u1eed d\u1ee5ng sai m\u1ee5c \u0111\u00edch ho\u1eb7c ph\u1ea1m vi, kh\u00e1ch h\u00e0ng g\u1ecdi \u0111i\u1ec7n tho\u1ea1i t\u1edbi s\u1ed1 0903 783 292 \u0111\u1ec3 khi\u1ebfu n\u1ea1i v\u00e0 cung c\u1ea5p ch\u1ee9ng c\u1ee9 li\u00ean quan \u0111\u1ebfn v\u1ee5 vi\u1ec7c cho Ban qu\u1ea3n tr\u1ecb.<\/p>\n<p style=\"text-align: left;\">Ban qu\u1ea3n tr\u1ecb cam k\u1ebft s\u1ebd ph\u1ea3n h\u1ed3i ngay l\u1eadp t\u1ee9c ho\u1eb7c mu\u1ed9n nh\u1ea5t l\u00e0 trong v\u00f2ng 24 gi\u1edd l\u00e0m vi\u1ec7c k\u1ec3 t\u1eeb th\u1eddi \u0111i\u1ec3m nh\u1eadn \u0111\u01b0\u1ee3c khi\u1ebfu n\u1ea1i.<\/p>\n","protected":false},"excerpt":{"rendered":"<p>I. M\u1ee4C \u0110\u00cdCH V\u00c0 PH\u1ea0M VI THU TH\u1eacP Vi\u1ec7c thu th\u1eadp d\u1eef li\u1ec7u tr\u00ean website bao g\u1ed3m: h\u1ecd t\u00ean, email, \u0111i\u1ec7n tho\u1ea1i, \u0111\u1ecba ch\u1ec9 kh\u00e1ch h\u00e0ng. \u0110\u00e2y l\u00e0 c\u00e1c th\u00f4ng tin m\u00e0 ch\u00fang t\u00f4i c\u1ea7n th\u00e0nh vi\u00ean cung c\u1ea5p b\u1eaft bu\u1ed9c khi g\u1eedi th\u00f4ng tin nh\u1edd t\u01b0 v\u1ea5n hay mu\u1ed1n mua s\u1ea3n ph\u1ea9m v\u00e0 \u0111\u1ec3 [&hellip;]<\/p>\n","protected":false},"author":17,"featured_media":0,"parent":0,"menu_order":0,"comment_status":"closed","ping_status":"closed","template":"page-term.php","meta":{"inline_featured_image":false,"footnotes":""},"class_list":["post-19734","page","type-page","status-publish","hentry"],"_links":{"self":[{"href":"https:\/\/congtri.com\/vi\/wp-json\/wp\/v2\/pages\/19734","targetHints":{"allow":["GET"]}}],"collection":[{"href":"https:\/\/congtri.com\/vi\/wp-json\/wp\/v2\/pages"}],"about":[{"href":"https:\/\/congtri.com\/vi\/wp-json\/wp\/v2\/types\/page"}],"author":[{"embeddable":true,"href":"https:\/\/congtri.com\/vi\/wp-json\/wp\/v2\/users\/17"}],"replies":[{"embeddable":true,"href":"https:\/\/congtri.com\/vi\/wp-json\/wp\/v2\/comments?post=19734"}],"version-history":[{"count":4,"href":"https:\/\/congtri.com\/vi\/wp-json\/wp\/v2\/pages\/19734\/revisions"}],"predecessor-version":[{"id":19993,"href":"https:\/\/congtri.com\/vi\/wp-json\/wp\/v2\/pages\/19734\/revisions\/19993"}],"wp:attachment":[{"href":"https:\/\/congtri.com\/vi\/wp-json\/wp\/v2\/media?parent=19734"}],"curies":[{"name":"wp","href":"https:\/\/api.w.org\/{rel}","templated":true}]}}